{"id":693,"date":"2023-05-17T15:33:30","date_gmt":"2023-05-17T13:33:30","guid":{"rendered":"https:\/\/rootscuisinederue.fr\/?page_id=693"},"modified":"2025-07-03T10:44:53","modified_gmt":"2025-07-03T08:44:53","slug":"carte-a-emporter-2","status":"publish","type":"page","link":"https:\/\/rootscuisinederue.fr\/?page_id=693","title":{"rendered":"Menu \u00e0 emporter"},"content":{"rendered":"\n[et_pb_section fb_built=\u00a0\u00bb1&Prime; _builder_version=\u00a0\u00bb4.17.4&Prime; _module_preset=\u00a0\u00bbdefault\u00a0\u00bb background_enable_color=\u00a0\u00bboff\u00a0\u00bb custom_padding=\u00a0\u00bb0px||0px|||\u00a0\u00bb filter_contrast=\u00a0\u00bb117%\u00a0\u00bb global_colors_info=\u00a0\u00bb{}\u00a0\u00bb][et_pb_row _builder_version=\u00a0\u00bb4.17.4&Prime; _module_preset=\u00a0\u00bbdefault\u00a0\u00bb width=\u00a0\u00bb100%\u00a0\u00bb max_width=\u00a0\u00bb2320px\u00a0\u00bb custom_padding=\u00a0\u00bb0px||0px|||\u00a0\u00bb global_colors_info=\u00a0\u00bb{}\u00a0\u00bb][et_pb_column type=\u00a0\u00bb4_4&Prime; _builder_version=\u00a0\u00bb4.17.4&Prime; _module_preset=\u00a0\u00bbdefault\u00a0\u00bb global_colors_info=\u00a0\u00bb{}\u00a0\u00bb][dsm_masonry_gallery gallery_ids=\u00a0\u00bb713,714,716,715&Prime; dsm_sort_images=\u00a0\u00bboff\u00a0\u00bb columns=\u00a0\u00bb4&Prime; gutter=\u00a0\u00bb0&Prime; use_zoom_on_hover=\u00a0\u00bbon\u00a0\u00bb disabled_on=\u00a0\u00bbon|off|off\u00a0\u00bb _builder_version=\u00a0\u00bb4.17.4&Prime; _module_preset=\u00a0\u00bbdefault\u00a0\u00bb global_colors_info=\u00a0\u00bb{}\u00a0\u00bb][\/dsm_masonry_gallery][dsm_masonry_gallery gallery_ids=\u00a0\u00bb714,715&Prime; columns=\u00a0\u00bb2&Prime; gutter=\u00a0\u00bb0&Prime; use_zoom_on_hover=\u00a0\u00bbon\u00a0\u00bb disabled_on=\u00a0\u00bboff|on|on\u00a0\u00bb _builder_version=\u00a0\u00bb4.17.4&Prime; _module_preset=\u00a0\u00bbdefault\u00a0\u00bb global_colors_info=\u00a0\u00bb{}\u00a0\u00bb][\/dsm_masonry_gallery][\/et_pb_column][\/et_pb_row][et_pb_row _builder_version=\u00a0\u00bb4.17.4&Prime; _module_preset=\u00a0\u00bbdefault\u00a0\u00bb width=\u00a0\u00bb96%\u00a0\u00bb custom_padding=\u00a0\u00bb||0px|||\u00a0\u00bb global_colors_info=\u00a0\u00bb{}\u00a0\u00bb][et_pb_column type=\u00a0\u00bb4_4&Prime; _builder_version=\u00a0\u00bb4.17.4&Prime; _module_preset=\u00a0\u00bbdefault\u00a0\u00bb global_colors_info=\u00a0\u00bb{}\u00a0\u00bb][et_pb_text _builder_version=\u00a0\u00bb4.17.4&Prime; _module_preset=\u00a0\u00bbdefault\u00a0\u00bb text_font=\u00a0\u00bbPrompt|200||on|||||\u00a0\u00bb text_text_color=\u00a0\u00bb#000000&Prime; text_font_size=\u00a0\u00bb62px\u00a0\u00bb text_line_height=\u00a0\u00bb1.3em\u00a0\u00bb header_font=\u00a0\u00bbPrompt|200||on|||||\u00a0\u00bb header_text_align=\u00a0\u00bbcenter\u00a0\u00bb header_text_color=\u00a0\u00bb#000000&Prime; header_font_size=\u00a0\u00bb49px\u00a0\u00bb header_letter_spacing=\u00a0\u00bb2px\u00a0\u00bb text_orientation=\u00a0\u00bbcenter\u00a0\u00bb custom_margin=\u00a0\u00bb||-4px|||\u00a0\u00bb custom_padding=\u00a0\u00bb||1px|||\u00a0\u00bb animation_style=\u00a0\u00bbfade\u00a0\u00bb header_font_size_tablet=\u00a0\u00bb88px\u00a0\u00bb header_font_size_phone=\u00a0\u00bb47px\u00a0\u00bb header_font_size_last_edited=\u00a0\u00bbon|phone\u00a0\u00bb global_colors_info=\u00a0\u00bb{}\u00a0\u00bb]<h1>Menu \u00e0 emporter<\/h1>[\/et_pb_text][\/et_pb_column][\/et_pb_row][et_pb_row _builder_version=\u00a0\u00bb4.17.4&Prime; _module_preset=\u00a0\u00bbdefault\u00a0\u00bb width=\u00a0\u00bb100%\u00a0\u00bb max_width=\u00a0\u00bb2560px\u00a0\u00bb custom_padding=\u00a0\u00bb0px||0px|||\u00a0\u00bb global_colors_info=\u00a0\u00bb{}\u00a0\u00bb][et_pb_column type=\u00a0\u00bb4_4&Prime; _builder_version=\u00a0\u00bb4.17.4&Prime; _module_preset=\u00a0\u00bbdefault\u00a0\u00bb global_colors_info=\u00a0\u00bb{}\u00a0\u00bb][et_pb_image src=\u00a0\u00bbhttp:\/\/rootscuisinederue.fr\/wp-content\/uploads\/2024\/10\/Menu-a-emporter.jpg\u00a0\u00bb title_text=\u00a0\u00bbemporter ROOTS\u00a0\u00bb align=\u00a0\u00bbcenter\u00a0\u00bb src_tablet=\u00a0\u00bbhttp:\/\/rootscuisinederue.fr\/wp-content\/uploads\/2024\/07\/emporter-ROOTS-PR24.pdf.png\u00a0\u00bb src_phone=\u00a0\u00bbhttp:\/\/rootscuisinederue.fr\/wp-content\/uploads\/2024\/10\/emporter-ROOTS-1.jpg\u00a0\u00bb src_last_edited=\u00a0\u00bbon|phone\u00a0\u00bb _builder_version=\u00a0\u00bb4.17.4&Prime; _module_preset=\u00a0\u00bbdefault\u00a0\u00bb min_height=\u00a0\u00bb1000px\u00a0\u00bb filter_contrast=\u00a0\u00bb154%\u00a0\u00bb hover_enabled=\u00a0\u00bb0&Prime; global_colors_info=\u00a0\u00bb{}\u00a0\u00bb sticky_enabled=\u00a0\u00bb0&Prime;][\/et_pb_image][\/et_pb_column][\/et_pb_row][\/et_pb_section]\n","protected":false},"excerpt":{"rendered":"<p><div class=\"et_pb_module dsm_masonry_gallery dsm_masonry_gallery_0\">\n\t\t\t\t\n\t\t\t\t\n\t\t\t\t\n\t\t\t\t\n\t\t\t\t\n\t\t\t\t\n\t\t\t\t<div class=\"et_pb_module_inner\">\n\t\t\t\t\t<div class=\"dsm-gallery grid dsm_masonry_zoom_hover\" data-lightbox=\"false\" data-horizontalorder=\"true\">\n                <div class=\"grid-sizer\"><\/div><div class=\"gutter-sizer\"><\/div><div class=\"grid-item\">\n                    <div class=\"et_pb_image_wrap\">\n                        <img loading=\"lazy\" decoding=\"async\" src=\"https:\/\/rootscuisinederue.fr\/wp-content\/uploads\/2023\/05\/a-emporter-Roots-1.jpg\" title=\"\u00e0 emporter Roots 1\" alt=\"\" class=\"dsm-skip-lazyload\" srcset=\"https:\/\/rootscuisinederue.fr\/wp-content\/uploads\/2023\/05\/a-emporter-Roots-1.jpg 600w, https:\/\/rootscuisinederue.fr\/wp-content\/uploads\/2023\/05\/a-emporter-Roots-1-480x320.jpg 480w\" sizes=\"auto, (min-width: 0px) and (max-width: 480px) 480px, (min-width: 481px) 600px, 100vw\" width=\"600\" height=\"400\" \/>\n                        \n                    <\/div>\n                <\/div><div class=\"grid-item\">\n                    <div class=\"et_pb_image_wrap\">\n                        <img loading=\"lazy\" decoding=\"async\" src=\"https:\/\/rootscuisinederue.fr\/wp-content\/uploads\/2023\/05\/a-emporter-Roots-2.jpg\" title=\"\u00e0 emporter Roots 2\" alt=\"\" class=\"dsm-skip-lazyload\" srcset=\"https:\/\/rootscuisinederue.fr\/wp-content\/uploads\/2023\/05\/a-emporter-Roots-2.jpg 600w, https:\/\/rootscuisinederue.fr\/wp-content\/uploads\/2023\/05\/a-emporter-Roots-2-480x320.jpg 480w\" sizes=\"auto, (min-width: 0px) and (max-width: 480px) 480px, (min-width: 481px) 600px, 100vw\" width=\"600\" height=\"400\" \/>\n                        \n                    <\/div>\n                <\/div><div class=\"grid-item\">\n                    <div class=\"et_pb_image_wrap\">\n                        <img loading=\"lazy\" decoding=\"async\" src=\"https:\/\/rootscuisinederue.fr\/wp-content\/uploads\/2023\/05\/a-emporter-Roots-4.jpg\" title=\"\u00e0 emporter Roots 4\" alt=\"\" class=\"dsm-skip-lazyload\" srcset=\"https:\/\/rootscuisinederue.fr\/wp-content\/uploads\/2023\/05\/a-emporter-Roots-4.jpg 600w, https:\/\/rootscuisinederue.fr\/wp-content\/uploads\/2023\/05\/a-emporter-Roots-4-480x320.jpg 480w\" sizes=\"auto, (min-width: 0px) and (max-width: 480px) 480px, (min-width: 481px) 600px, 100vw\" width=\"600\" height=\"400\" \/>\n                        \n                    <\/div>\n                <\/div><div class=\"grid-item\">\n                    <div class=\"et_pb_image_wrap\">\n                        <img loading=\"lazy\" decoding=\"async\" src=\"https:\/\/rootscuisinederue.fr\/wp-content\/uploads\/2023\/05\/a-emporter-Roots-3.jpg\" title=\"\u00e0 emporter Roots 3\" alt=\"\" class=\"dsm-skip-lazyload\" srcset=\"https:\/\/rootscuisinederue.fr\/wp-content\/uploads\/2023\/05\/a-emporter-Roots-3.jpg 600w, https:\/\/rootscuisinederue.fr\/wp-content\/uploads\/2023\/05\/a-emporter-Roots-3-480x320.jpg 480w\" sizes=\"auto, (min-width: 0px) and (max-width: 480px) 480px, (min-width: 481px) 600px, 100vw\" width=\"600\" height=\"400\" \/>\n                        \n                    <\/div>\n                <\/div>\n             <\/div>\n\t\t\t\t<\/div>\n\t\t\t<\/div><div class=\"et_pb_module dsm_masonry_gallery dsm_masonry_gallery_1\">\n\t\t\t\t\n\t\t\t\t\n\t\t\t\t\n\t\t\t\t\n\t\t\t\t\n\t\t\t\t\n\t\t\t\t<div class=\"et_pb_module_inner\">\n\t\t\t\t\t<div class=\"dsm-gallery grid dsm_masonry_zoom_hover\" data-lightbox=\"false\" data-horizontalorder=\"true\">\n                <div class=\"grid-sizer\"><\/div><div class=\"gutter-sizer\"><\/div><div class=\"grid-item\">\n                    <div class=\"et_pb_image_wrap\">\n                        <img loading=\"lazy\" decoding=\"async\" src=\"https:\/\/rootscuisinederue.fr\/wp-content\/uploads\/2023\/05\/a-emporter-Roots-2.jpg\" title=\"\u00e0 emporter Roots 2\" alt=\"\" class=\"dsm-skip-lazyload\" srcset=\"https:\/\/rootscuisinederue.fr\/wp-content\/uploads\/2023\/05\/a-emporter-Roots-2.jpg 600w, https:\/\/rootscuisinederue.fr\/wp-content\/uploads\/2023\/05\/a-emporter-Roots-2-480x320.jpg 480w\" sizes=\"auto, (min-width: 0px) and (max-width: 480px) 480px, (min-width: 481px) 600px, 100vw\" width=\"600\" height=\"400\" \/>\n                        \n                    <\/div>\n                <\/div><div class=\"grid-item\">\n                    <div class=\"et_pb_image_wrap\">\n                        <img loading=\"lazy\" decoding=\"async\" src=\"https:\/\/rootscuisinederue.fr\/wp-content\/uploads\/2023\/05\/a-emporter-Roots-3.jpg\" title=\"\u00e0 emporter Roots 3\" alt=\"\" class=\"dsm-skip-lazyload\" srcset=\"https:\/\/rootscuisinederue.fr\/wp-content\/uploads\/2023\/05\/a-emporter-Roots-3.jpg 600w, https:\/\/rootscuisinederue.fr\/wp-content\/uploads\/2023\/05\/a-emporter-Roots-3-480x320.jpg 480w\" sizes=\"auto, (min-width: 0px) and (max-width: 480px) 480px, (min-width: 481px) 600px, 100vw\" width=\"600\" height=\"400\" \/>\n                        \n                    <\/div>\n                <\/div>\n             <\/div>\n\t\t\t\t<\/div>\n\t\t\t<\/div>Menu \u00e0 emporter<\/p>\n","protected":false},"author":1,"featured_media":0,"parent":0,"menu_order":0,"comment_status":"closed","ping_status":"closed","template":"","meta":{"_et_pb_use_builder":"on","_et_pb_old_content":"","_et_gb_content_width":"","_monsterinsights_skip_tracking":false,"_monsterinsights_sitenote_active":false,"_monsterinsights_sitenote_note":"","_monsterinsights_sitenote_category":0,"footnotes":""},"class_list":["post-693","page","type-page","status-publish","hentry"],"yoast_head":"<!-- This site is optimized with the Yoast SEO plugin v27.5 - https:\/\/yoast.com\/product\/yoast-seo-wordpress\/ -->\n<title>Menu \u00e0 emporter - Roots Cuisine de Rue<\/title>\n<meta name=\"description\" content=\"D\u00e9couvrez notre menu \u00e0 emporter inspir\u00e9 de la cuisine de rue pour profiter de nos plats chez vous ou en ext\u00e9rieur !\" \/>\n<meta name=\"robots\" content=\"noindex, follow\" \/>\n<meta property=\"og:locale\" content=\"fr_FR\" \/>\n<meta property=\"og:type\" content=\"article\" \/>\n<meta property=\"og:title\" content=\"Menu \u00e0 emporter - Roots Cuisine de Rue\" \/>\n<meta property=\"og:description\" content=\"D\u00e9couvrez notre menu \u00e0 emporter inspir\u00e9 de la cuisine de rue pour profiter de nos plats chez vous ou en ext\u00e9rieur !\" \/>\n<meta property=\"og:url\" content=\"https:\/\/rootscuisinederue.fr\/?page_id=693\" \/>\n<meta property=\"og:site_name\" content=\"Roots Cuisine de Rue\" \/>\n<meta property=\"article:publisher\" content=\"https:\/\/www.facebook.com\/roots.street83\" \/>\n<meta property=\"article:modified_time\" content=\"2025-07-03T08:44:53+00:00\" \/>\n<meta name=\"twitter:card\" content=\"summary_large_image\" \/>\n<meta name=\"twitter:label1\" content=\"Dur\u00e9e de lecture estim\u00e9e\" \/>\n\t<meta name=\"twitter:data1\" content=\"1 minute\" \/>\n<script type=\"application\/ld+json\" class=\"yoast-schema-graph\">{\"@context\":\"https:\\\/\\\/schema.org\",\"@graph\":[{\"@type\":\"WebPage\",\"@id\":\"https:\\\/\\\/rootscuisinederue.fr\\\/?page_id=693\",\"url\":\"https:\\\/\\\/rootscuisinederue.fr\\\/?page_id=693\",\"name\":\"Menu \u00e0 emporter - Roots Cuisine de Rue\",\"isPartOf\":{\"@id\":\"https:\\\/\\\/rootscuisinederue.fr\\\/#website\"},\"datePublished\":\"2023-05-17T13:33:30+00:00\",\"dateModified\":\"2025-07-03T08:44:53+00:00\",\"description\":\"D\u00e9couvrez notre menu \u00e0 emporter inspir\u00e9 de la cuisine de rue pour profiter de nos plats chez vous ou en ext\u00e9rieur !\",\"breadcrumb\":{\"@id\":\"https:\\\/\\\/rootscuisinederue.fr\\\/?page_id=693#breadcrumb\"},\"inLanguage\":\"fr-FR\",\"potentialAction\":[{\"@type\":\"ReadAction\",\"target\":[\"https:\\\/\\\/rootscuisinederue.fr\\\/?page_id=693\"]}]},{\"@type\":\"BreadcrumbList\",\"@id\":\"https:\\\/\\\/rootscuisinederue.fr\\\/?page_id=693#breadcrumb\",\"itemListElement\":[{\"@type\":\"ListItem\",\"position\":1,\"name\":\"Accueil\",\"item\":\"https:\\\/\\\/rootscuisinederue.fr\\\/\"},{\"@type\":\"ListItem\",\"position\":2,\"name\":\"Menu \u00e0 emporter\"}]},{\"@type\":\"WebSite\",\"@id\":\"https:\\\/\\\/rootscuisinederue.fr\\\/#website\",\"url\":\"https:\\\/\\\/rootscuisinederue.fr\\\/\",\"name\":\"Roots Cuisine de Rue\",\"description\":\"Sainte Maxime\",\"publisher\":{\"@id\":\"https:\\\/\\\/rootscuisinederue.fr\\\/#organization\"},\"potentialAction\":[{\"@type\":\"SearchAction\",\"target\":{\"@type\":\"EntryPoint\",\"urlTemplate\":\"https:\\\/\\\/rootscuisinederue.fr\\\/?s={search_term_string}\"},\"query-input\":{\"@type\":\"PropertyValueSpecification\",\"valueRequired\":true,\"valueName\":\"search_term_string\"}}],\"inLanguage\":\"fr-FR\"},{\"@type\":\"Organization\",\"@id\":\"https:\\\/\\\/rootscuisinederue.fr\\\/#organization\",\"name\":\"Roots Cuisine de Rue\",\"url\":\"https:\\\/\\\/rootscuisinederue.fr\\\/\",\"logo\":{\"@type\":\"ImageObject\",\"inLanguage\":\"fr-FR\",\"@id\":\"https:\\\/\\\/rootscuisinederue.fr\\\/#\\\/schema\\\/logo\\\/image\\\/\",\"url\":\"http:\\\/\\\/rootscuisinederue.fr\\\/wp-content\\\/uploads\\\/2023\\\/04\\\/Icone-Roots.jpg\",\"contentUrl\":\"http:\\\/\\\/rootscuisinederue.fr\\\/wp-content\\\/uploads\\\/2023\\\/04\\\/Icone-Roots.jpg\",\"width\":512,\"height\":512,\"caption\":\"Roots Cuisine de Rue\"},\"image\":{\"@id\":\"https:\\\/\\\/rootscuisinederue.fr\\\/#\\\/schema\\\/logo\\\/image\\\/\"},\"sameAs\":[\"https:\\\/\\\/www.facebook.com\\\/roots.street83\",\"https:\\\/\\\/www.instagram.com\\\/roots.street\\\/\"]}]}<\/script>\n<!-- \/ Yoast SEO plugin. -->","yoast_head_json":{"title":"Menu \u00e0 emporter - Roots Cuisine de Rue","description":"D\u00e9couvrez notre menu \u00e0 emporter inspir\u00e9 de la cuisine de rue pour profiter de nos plats chez vous ou en ext\u00e9rieur !","robots":{"index":"noindex","follow":"follow"},"og_locale":"fr_FR","og_type":"article","og_title":"Menu \u00e0 emporter - Roots Cuisine de Rue","og_description":"D\u00e9couvrez notre menu \u00e0 emporter inspir\u00e9 de la cuisine de rue pour profiter de nos plats chez vous ou en ext\u00e9rieur !","og_url":"https:\/\/rootscuisinederue.fr\/?page_id=693","og_site_name":"Roots Cuisine de Rue","article_publisher":"https:\/\/www.facebook.com\/roots.street83","article_modified_time":"2025-07-03T08:44:53+00:00","twitter_card":"summary_large_image","twitter_misc":{"Dur\u00e9e de lecture estim\u00e9e":"1 minute"},"schema":{"@context":"https:\/\/schema.org","@graph":[{"@type":"WebPage","@id":"https:\/\/rootscuisinederue.fr\/?page_id=693","url":"https:\/\/rootscuisinederue.fr\/?page_id=693","name":"Menu \u00e0 emporter - Roots Cuisine de Rue","isPartOf":{"@id":"https:\/\/rootscuisinederue.fr\/#website"},"datePublished":"2023-05-17T13:33:30+00:00","dateModified":"2025-07-03T08:44:53+00:00","description":"D\u00e9couvrez notre menu \u00e0 emporter inspir\u00e9 de la cuisine de rue pour profiter de nos plats chez vous ou en ext\u00e9rieur !","breadcrumb":{"@id":"https:\/\/rootscuisinederue.fr\/?page_id=693#breadcrumb"},"inLanguage":"fr-FR","potentialAction":[{"@type":"ReadAction","target":["https:\/\/rootscuisinederue.fr\/?page_id=693"]}]},{"@type":"BreadcrumbList","@id":"https:\/\/rootscuisinederue.fr\/?page_id=693#breadcrumb","itemListElement":[{"@type":"ListItem","position":1,"name":"Accueil","item":"https:\/\/rootscuisinederue.fr\/"},{"@type":"ListItem","position":2,"name":"Menu \u00e0 emporter"}]},{"@type":"WebSite","@id":"https:\/\/rootscuisinederue.fr\/#website","url":"https:\/\/rootscuisinederue.fr\/","name":"Roots Cuisine de Rue","description":"Sainte Maxime","publisher":{"@id":"https:\/\/rootscuisinederue.fr\/#organization"},"potentialAction":[{"@type":"SearchAction","target":{"@type":"EntryPoint","urlTemplate":"https:\/\/rootscuisinederue.fr\/?s={search_term_string}"},"query-input":{"@type":"PropertyValueSpecification","valueRequired":true,"valueName":"search_term_string"}}],"inLanguage":"fr-FR"},{"@type":"Organization","@id":"https:\/\/rootscuisinederue.fr\/#organization","name":"Roots Cuisine de Rue","url":"https:\/\/rootscuisinederue.fr\/","logo":{"@type":"ImageObject","inLanguage":"fr-FR","@id":"https:\/\/rootscuisinederue.fr\/#\/schema\/logo\/image\/","url":"http:\/\/rootscuisinederue.fr\/wp-content\/uploads\/2023\/04\/Icone-Roots.jpg","contentUrl":"http:\/\/rootscuisinederue.fr\/wp-content\/uploads\/2023\/04\/Icone-Roots.jpg","width":512,"height":512,"caption":"Roots Cuisine de Rue"},"image":{"@id":"https:\/\/rootscuisinederue.fr\/#\/schema\/logo\/image\/"},"sameAs":["https:\/\/www.facebook.com\/roots.street83","https:\/\/www.instagram.com\/roots.street\/"]}]}},"_links":{"self":[{"href":"https:\/\/rootscuisinederue.fr\/index.php?rest_route=\/wp\/v2\/pages\/693","targetHints":{"allow":["GET"]}}],"collection":[{"href":"https:\/\/rootscuisinederue.fr\/index.php?rest_route=\/wp\/v2\/pages"}],"about":[{"href":"https:\/\/rootscuisinederue.fr\/index.php?rest_route=\/wp\/v2\/types\/page"}],"author":[{"embeddable":true,"href":"https:\/\/rootscuisinederue.fr\/index.php?rest_route=\/wp\/v2\/users\/1"}],"replies":[{"embeddable":true,"href":"https:\/\/rootscuisinederue.fr\/index.php?rest_route=%2Fwp%2Fv2%2Fcomments&post=693"}],"version-history":[{"count":21,"href":"https:\/\/rootscuisinederue.fr\/index.php?rest_route=\/wp\/v2\/pages\/693\/revisions"}],"predecessor-version":[{"id":1097,"href":"https:\/\/rootscuisinederue.fr\/index.php?rest_route=\/wp\/v2\/pages\/693\/revisions\/1097"}],"wp:attachment":[{"href":"https:\/\/rootscuisinederue.fr\/index.php?rest_route=%2Fwp%2Fv2%2Fmedia&parent=693"}],"curies":[{"name":"wp","href":"https:\/\/api.w.org\/{rel}","templated":true}]}}